{"id":417,"date":"2025-09-02T13:11:57","date_gmt":"2025-09-02T11:11:57","guid":{"rendered":"http:\/\/cascena.pl\/?page_id=417"},"modified":"2025-09-08T16:19:15","modified_gmt":"2025-09-08T14:19:15","slug":"taniec","status":"publish","type":"page","link":"http:\/\/cascena.pl\/?page_id=417","title":{"rendered":"Taniec Nowoczesny"},"content":{"rendered":"<p>[et_pb_section fb_built=&#8221;1&#8243; admin_label=&#8221;Header&#8221; _builder_version=&#8221;4.21.0&#8243; background_enable_color=&#8221;off&#8221; background_image=&#8221;http:\/\/cascena.pl\/wp-content\/uploads\/2025\/08\/490534797_1208092657991800_3150449436653411433_n-1.jpg&#8221; background_size=&#8221;stretch&#8221; custom_padding=&#8221;0px||0px||true|false&#8221; locked=&#8221;off&#8221; global_colors_info=&#8221;{}&#8221; theme_builder_area=&#8221;post_content&#8221;][et_pb_row custom_padding_last_edited=&#8221;on|phone&#8221; _builder_version=&#8221;4.16&#8243; background_color=&#8221;#ffffff&#8221; custom_padding=&#8221;60px|60px|0px|60px|false|true&#8221; custom_padding_tablet=&#8221;&#8221; custom_padding_phone=&#8221;|30px||30px|false|true&#8221; global_colors_info=&#8221;{}&#8221; theme_builder_area=&#8221;post_content&#8221;][et_pb_column type=&#8221;4_4&#8243; _builder_version=&#8221;4.16&#8243; global_colors_info=&#8221;{}&#8221; theme_builder_area=&#8221;post_content&#8221;][et_pb_text _builder_version=&#8221;4.21.0&#8243; text_font_size=&#8221;16px&#8221; text_line_height=&#8221;1.8em&#8221; header_font=&#8221;Inria Serif|700|||||||&#8221; header_text_color=&#8221;#000000&#8243; header_font_size=&#8221;70px&#8221; header_line_height=&#8221;1.2em&#8221; z_index=&#8221;1&#8243; max_width=&#8221;800px&#8221; custom_margin=&#8221;||||false|false&#8221; hover_enabled=&#8221;0&#8243; text_font_size_tablet=&#8221;&#8221; text_font_size_phone=&#8221;14px&#8221; text_font_size_last_edited=&#8221;on|phone&#8221; header_font_size_tablet=&#8221;51px&#8221; header_font_size_phone=&#8221;43px&#8221; header_font_size_last_edited=&#8221;on|phone&#8221; locked=&#8221;off&#8221; global_colors_info=&#8221;{}&#8221; theme_builder_area=&#8221;post_content&#8221; sticky_enabled=&#8221;0&#8243;]<\/p>\n<h1>Taniec<\/h1>\n<p>[\/et_pb_text][\/et_pb_column][\/et_pb_row][et_pb_row column_structure=&#8221;1_2,1_2&#8243; custom_padding_last_edited=&#8221;on|desktop&#8221; _builder_version=&#8221;4.16&#8243; background_color=&#8221;#ffffff&#8221; custom_padding=&#8221;|60px|50px|60px|false|true&#8221; custom_padding_tablet=&#8221;||||false|true&#8221; custom_padding_phone=&#8221;|30px||30px|false|true&#8221; global_colors_info=&#8221;{}&#8221; theme_builder_area=&#8221;post_content&#8221;][et_pb_column type=&#8221;1_2&#8243; _builder_version=&#8221;4.16&#8243; global_colors_info=&#8221;{}&#8221; theme_builder_area=&#8221;post_content&#8221;][et_pb_text _builder_version=&#8221;4.21.0&#8243; text_font=&#8221;Inria Serif||||||||&#8221; text_font_size=&#8221;16px&#8221; text_line_height=&#8221;1.8em&#8221; header_font=&#8221;Inria Serif|700|||||||&#8221; header_text_color=&#8221;#000000&#8243; header_font_size=&#8221;70px&#8221; header_line_height=&#8221;1.2em&#8221; max_width=&#8221;800px&#8221; custom_margin=&#8221;||||false|false&#8221; hover_enabled=&#8221;0&#8243; text_font_size_tablet=&#8221;&#8221; text_font_size_phone=&#8221;14px&#8221; text_font_size_last_edited=&#8221;on|phone&#8221; header_font_size_tablet=&#8221;48px&#8221; header_font_size_phone=&#8221;24px&#8221; header_font_size_last_edited=&#8221;on|phone&#8221; locked=&#8221;off&#8221; global_colors_info=&#8221;{}&#8221; theme_builder_area=&#8221;post_content&#8221; sticky_enabled=&#8221;0&#8243;]<\/p>\n<p data-start=\"137\" data-end=\"294\"><span style=\"color: #000000;\"><strong>Twoje dziecko kocha muzyk\u0119 i lubi si\u0119 rusza\u0107? Nasze zaj\u0119cia taneczne to idealne miejsce, by rozwin\u0119\u0142o swoj\u0105 pasj\u0119 w przyjaznej i pe\u0142nej energii atmosferze!<\/strong><\/span><\/p>\n<p data-start=\"296\" data-end=\"312\"><span style=\"color: #000000;\">Podczas zaj\u0119\u0107 dzieci ucz\u0105 si\u0119 podstaw r\u00f3\u017cnych styl\u00f3w tanecznych poprzez zabaw\u0119, rozwijaj\u0105 koordynacj\u0119, rytmik\u0119 i poczucie muzyki, wzmacniaj\u0105 pewno\u015b\u0107 siebie i kreatywno\u015b\u0107, poznaj\u0105 nowych przyjaci\u00f3\u0142 i ucz\u0105 si\u0119 pracy w grupie!<\/span><\/p>\n<p data-start=\"540\" data-end=\"708\"><span style=\"color: #000000;\">Stawiamy na <strong data-start=\"552\" data-end=\"568\">dobr\u0105 zabaw\u0119<\/strong>, u\u015bmiech i pozytywn\u0105 energi\u0119 \u2013 tak, by ka\u017cde dziecko czu\u0142o si\u0119 wyj\u0105tkowe. Niezale\u017cnie od do\u015bwiadczenia, ka\u017cde znajdzie tu co\u015b dla siebie!<\/span><\/p>\n<p data-start=\"710\" data-end=\"784\"><span style=\"color: #000000;\">\ud83d\udc49 Do\u0142\u0105cz do naszych zaj\u0119\u0107 i pozw\u00f3l swojemu dziecku odkry\u0107 rado\u015b\u0107 ta\u0144ca!<\/span><\/p>\n<p>[\/et_pb_text][\/et_pb_column][et_pb_column type=&#8221;1_2&#8243; _builder_version=&#8221;4.16&#8243; global_colors_info=&#8221;{}&#8221; theme_builder_area=&#8221;post_content&#8221;][et_pb_image src=&#8221;http:\/\/cascena.pl\/wp-content\/uploads\/2025\/09\/IMG_2443.jpeg&#8221; title_text=&#8221;IMG_2443&#8243; _builder_version=&#8221;4.21.0&#8243; _module_preset=&#8221;default&#8221; hover_enabled=&#8221;0&#8243; global_colors_info=&#8221;{}&#8221; theme_builder_area=&#8221;post_content&#8221; sticky_enabled=&#8221;0&#8243;][\/et_pb_image][\/et_pb_column][\/et_pb_row][\/et_pb_section][et_pb_section fb_built=&#8221;1&#8243; _builder_version=&#8221;4.21.0&#8243; _module_preset=&#8221;default&#8221; background_color=&#8221;#F8D3F7&#8243; global_colors_info=&#8221;{}&#8221; theme_builder_area=&#8221;post_content&#8221;][et_pb_row column_structure=&#8221;2_5,3_5&#8243; _builder_version=&#8221;4.21.0&#8243; _module_preset=&#8221;default&#8221; background_color=&#8221;#FFFFFF&#8221; box_shadow_style=&#8221;preset1&#8243; global_colors_info=&#8221;{}&#8221; theme_builder_area=&#8221;post_content&#8221;][et_pb_column type=&#8221;2_5&#8243; _builder_version=&#8221;4.21.0&#8243; _module_preset=&#8221;default&#8221; global_colors_info=&#8221;{}&#8221; theme_builder_area=&#8221;post_content&#8221;][et_pb_image src=&#8221;http:\/\/cascena.pl\/wp-content\/uploads\/2025\/09\/Projekt-bez-nazwy-21.jpg&#8221; title_text=&#8221;Projekt bez nazwy-21&#8243; _builder_version=&#8221;4.21.0&#8243; _module_preset=&#8221;default&#8221; hover_enabled=&#8221;0&#8243; global_colors_info=&#8221;{}&#8221; theme_builder_area=&#8221;post_content&#8221; sticky_enabled=&#8221;0&#8243;][\/et_pb_image][\/et_pb_column][et_pb_column type=&#8221;3_5&#8243; _builder_version=&#8221;4.21.0&#8243; _module_preset=&#8221;default&#8221; global_colors_info=&#8221;{}&#8221; theme_builder_area=&#8221;post_content&#8221;][et_pb_text _builder_version=&#8221;4.21.0&#8243; _module_preset=&#8221;default&#8221; header_font=&#8221;Inria Serif|700|||||||&#8221; hover_enabled=&#8221;0&#8243; global_colors_info=&#8221;{}&#8221; theme_builder_area=&#8221;post_content&#8221; sticky_enabled=&#8221;0&#8243;]<\/p>\n<h1>Taniec Nowoczesny (6-9 lat)<\/h1>\n<p>[\/et_pb_text][et_pb_text _builder_version=&#8221;4.21.0&#8243; _module_preset=&#8221;default&#8221; text_font=&#8221;Inria Serif|700|||||||&#8221; text_font_size=&#8221;16px&#8221; global_colors_info=&#8221;{}&#8221; theme_builder_area=&#8221;post_content&#8221;]<\/p>\n<p><span style=\"color: #000000;\">Zaj\u0119cia umuzykalniaj\u0105ce z elementami teatru, ta\u0144ca i \u015bpiewu dla najm\u0142odszych artyst\u00f3w. Podczas zaj\u0119\u0107 instruktor pracuje z dzie\u0107mi nad przygotowaniem spektaklu muzycznego oraz nad og\u00f3lnym rozwojem muzycznym. Zaj\u0119cia s\u0105 pe\u0142ne uwa\u017cno\u015bci, empatii i zabawy.<\/span><\/p>\n<p><strong><span style=\"color: #000000;\">Wtorki: 17:00-18:00<\/span><\/strong><\/p>\n<p><strong><span style=\"color: #000000;\">cena: 200 z\u0142\/mc<\/span><\/strong><\/p>\n<p><strong><span style=\"color: #000000;\">instruktor: Karina Krasnod\u0119bska<\/span><\/strong><\/p>\n<p>[\/et_pb_text][et_pb_button button_url=&#8221;https:\/\/www.strefazajec.pl\/course\/view\/id\/78495&#8243; button_text=&#8221;Zapisuj\u0119 si\u0119!&#8221; _builder_version=&#8221;4.21.0&#8243; _dynamic_attributes=&#8221;button_url&#8221; _module_preset=&#8221;8184cb9b-42f7-4818-81ef-c140a1978c04&#8243; custom_button=&#8221;on&#8221; button_text_size=&#8221;14px&#8221; button_text_color=&#8221;#000000&#8243; button_bg_color=&#8221;#EDF000&#8243; button_border_width=&#8221;0px&#8221; button_border_radius=&#8221;88px&#8221; button_font=&#8221;Lato|900|||||||&#8221; button_icon=&#8221;&#x45;||divi||400&#8243; custom_padding=&#8221;14px|24px|14px|24px|true|true&#8221; custom_padding_tablet=&#8221;&#8221; custom_padding_phone=&#8221;|30px||30px|true|true&#8221; custom_padding_last_edited=&#8221;on|phone&#8221; hover_enabled=&#8221;0&#8243; button_text_size_tablet=&#8221;16px&#8221; button_text_size_phone=&#8221;14px&#8221; button_text_size_last_edited=&#8221;on|desktop&#8221; global_colors_info=&#8221;{}&#8221; theme_builder_area=&#8221;post_content&#8221; sticky_enabled=&#8221;0&#8243;][\/et_pb_button][\/et_pb_column][\/et_pb_row][\/et_pb_section][et_pb_section fb_built=&#8221;1&#8243; _builder_version=&#8221;4.21.0&#8243; _module_preset=&#8221;default&#8221; background_color=&#8221;#F8D3F7&#8243; global_colors_info=&#8221;{}&#8221; theme_builder_area=&#8221;post_content&#8221;][et_pb_row column_structure=&#8221;2_5,3_5&#8243; _builder_version=&#8221;4.21.0&#8243; _module_preset=&#8221;default&#8221; background_color=&#8221;#FFFFFF&#8221; box_shadow_style=&#8221;preset1&#8243; global_colors_info=&#8221;{}&#8221; theme_builder_area=&#8221;post_content&#8221;][et_pb_column type=&#8221;2_5&#8243; _builder_version=&#8221;4.21.0&#8243; _module_preset=&#8221;default&#8221; global_colors_info=&#8221;{}&#8221; theme_builder_area=&#8221;post_content&#8221;][et_pb_image src=&#8221;http:\/\/cascena.pl\/wp-content\/uploads\/2025\/09\/Projekt-bez-nazwy-22.jpg&#8221; title_text=&#8221;Projekt bez nazwy-22&#8243; _builder_version=&#8221;4.21.0&#8243; _module_preset=&#8221;default&#8221; hover_enabled=&#8221;0&#8243; global_colors_info=&#8221;{}&#8221; theme_builder_area=&#8221;post_content&#8221; sticky_enabled=&#8221;0&#8243;][\/et_pb_image][\/et_pb_column][et_pb_column type=&#8221;3_5&#8243; _builder_version=&#8221;4.21.0&#8243; _module_preset=&#8221;default&#8221; global_colors_info=&#8221;{}&#8221; theme_builder_area=&#8221;post_content&#8221;][et_pb_text _builder_version=&#8221;4.21.0&#8243; _module_preset=&#8221;default&#8221; header_font=&#8221;Inria Serif|700|||||||&#8221; hover_enabled=&#8221;0&#8243; global_colors_info=&#8221;{}&#8221; theme_builder_area=&#8221;post_content&#8221; sticky_enabled=&#8221;0&#8243;]<\/p>\n<h1>Taniec Nowoczesny (10+ lat)<\/h1>\n<p>[\/et_pb_text][et_pb_text _builder_version=&#8221;4.21.0&#8243; _module_preset=&#8221;default&#8221; text_font=&#8221;Inria Serif|700|||||||&#8221; text_font_size=&#8221;16px&#8221; global_colors_info=&#8221;{}&#8221; theme_builder_area=&#8221;post_content&#8221;]<\/p>\n<p><span style=\"color: #000000;\">Zaj\u0119cia umuzykalniaj\u0105ce z elementami teatru, ta\u0144ca i \u015bpiewu dla najm\u0142odszych artyst\u00f3w. Podczas zaj\u0119\u0107 instruktor pracuje z dzie\u0107mi nad przygotowaniem spektaklu muzycznego oraz nad og\u00f3lnym rozwojem muzycznym. Zaj\u0119cia s\u0105 pe\u0142ne uwa\u017cno\u015bci, empatii i zabawy.<\/span><\/p>\n<p><strong><span style=\"color: #000000;\">Wtorki: 18:10-19:40 oraz czwartki: 18:45 &#8211; 19:45<\/span><\/strong><\/p>\n<p><strong><span style=\"color: #000000;\">cena: 320 z\u0142\/mc<\/span><\/strong><\/p>\n<p><strong><span style=\"color: #000000;\">instruktor: Karina Krasnod\u0119bska<\/span><\/strong><\/p>\n<p>[\/et_pb_text][et_pb_button button_url=&#8221;https:\/\/www.strefazajec.pl\/course\/view\/id\/78501&#8243; button_text=&#8221;Zapisuj\u0119 si\u0119!&#8221; _builder_version=&#8221;4.21.0&#8243; _dynamic_attributes=&#8221;button_url&#8221; _module_preset=&#8221;8184cb9b-42f7-4818-81ef-c140a1978c04&#8243; custom_button=&#8221;on&#8221; button_text_size=&#8221;14px&#8221; button_text_color=&#8221;#000000&#8243; button_bg_color=&#8221;#EDF000&#8243; button_border_width=&#8221;0px&#8221; button_border_radius=&#8221;88px&#8221; button_font=&#8221;Lato|900|||||||&#8221; button_icon=&#8221;&#x45;||divi||400&#8243; custom_padding=&#8221;14px|24px|14px|24px|true|true&#8221; custom_padding_tablet=&#8221;&#8221; custom_padding_phone=&#8221;|30px||30px|true|true&#8221; custom_padding_last_edited=&#8221;on|phone&#8221; hover_enabled=&#8221;0&#8243; button_text_size_tablet=&#8221;16px&#8221; button_text_size_phone=&#8221;14px&#8221; button_text_size_last_edited=&#8221;on|desktop&#8221; global_colors_info=&#8221;{}&#8221; theme_builder_area=&#8221;post_content&#8221; sticky_enabled=&#8221;0&#8243;][\/et_pb_button][\/et_pb_column][\/et_pb_row][\/et_pb_section]<\/p>\n","protected":false},"excerpt":{"rendered":"<p>TaniecTwoje dziecko kocha muzyk\u0119 i lubi si\u0119 rusza\u0107? Nasze zaj\u0119cia taneczne to idealne miejsce, by rozwin\u0119\u0142o swoj\u0105 pasj\u0119 w przyjaznej i pe\u0142nej energii atmosferze! Podczas zaj\u0119\u0107 dzieci ucz\u0105 si\u0119 podstaw r\u00f3\u017cnych styl\u00f3w tanecznych poprzez zabaw\u0119, rozwijaj\u0105 koordynacj\u0119, rytmik\u0119 i poczucie muzyki, wzmacniaj\u0105 pewno\u015b\u0107 siebie i kreatywno\u015b\u0107, poznaj\u0105 nowych przyjaci\u00f3\u0142 i ucz\u0105 si\u0119 pracy w grupie! [&hellip;]<\/p>\n","protected":false},"author":1,"featured_media":0,"parent":0,"menu_order":0,"comment_status":"closed","ping_status":"closed","template":"","meta":{"_et_pb_use_builder":"on","_et_pb_old_content":"","_et_gb_content_width":"","footnotes":""},"class_list":["post-417","page","type-page","status-publish","hentry"],"_links":{"self":[{"href":"http:\/\/cascena.pl\/index.php?rest_route=\/wp\/v2\/pages\/417","targetHints":{"allow":["GET"]}}],"collection":[{"href":"http:\/\/cascena.pl\/index.php?rest_route=\/wp\/v2\/pages"}],"about":[{"href":"http:\/\/cascena.pl\/index.php?rest_route=\/wp\/v2\/types\/page"}],"author":[{"embeddable":true,"href":"http:\/\/cascena.pl\/index.php?rest_route=\/wp\/v2\/users\/1"}],"replies":[{"embeddable":true,"href":"http:\/\/cascena.pl\/index.php?rest_route=%2Fwp%2Fv2%2Fcomments&post=417"}],"version-history":[{"count":4,"href":"http:\/\/cascena.pl\/index.php?rest_route=\/wp\/v2\/pages\/417\/revisions"}],"predecessor-version":[{"id":445,"href":"http:\/\/cascena.pl\/index.php?rest_route=\/wp\/v2\/pages\/417\/revisions\/445"}],"wp:attachment":[{"href":"http:\/\/cascena.pl\/index.php?rest_route=%2Fwp%2Fv2%2Fmedia&parent=417"}],"curies":[{"name":"wp","href":"https:\/\/api.w.org\/{rel}","templated":true}]}}