{"id":262,"date":"2025-08-23T16:20:34","date_gmt":"2025-08-23T14:20:34","guid":{"rendered":"http:\/\/cascena.pl\/?page_id=262"},"modified":"2025-09-03T22:21:32","modified_gmt":"2025-09-03T20:21:32","slug":"pianino-saksofon","status":"publish","type":"page","link":"http:\/\/cascena.pl\/?page_id=262","title":{"rendered":"Pianino\/Skrzypce\/Saksofon"},"content":{"rendered":"<p>[et_pb_section fb_built=&#8221;1&#8243; admin_label=&#8221;Header&#8221; _builder_version=&#8221;4.21.0&#8243; background_enable_color=&#8221;off&#8221; background_image=&#8221;http:\/\/cascena.pl\/wp-content\/uploads\/2025\/08\/491957540_1213959890738410_6652664344868402586_n.jpg&#8221; background_size=&#8221;contain&#8221; background_repeat=&#8221;repeat&#8221; custom_padding=&#8221;0px||0px||true|false&#8221; locked=&#8221;off&#8221; global_colors_info=&#8221;{}&#8221;][et_pb_row custom_padding_last_edited=&#8221;on|phone&#8221; _builder_version=&#8221;4.16&#8243; background_color=&#8221;#ffffff&#8221; custom_padding=&#8221;60px|60px|0px|60px|false|true&#8221; custom_padding_tablet=&#8221;&#8221; custom_padding_phone=&#8221;|30px||30px|false|true&#8221; global_colors_info=&#8221;{}&#8221;][et_pb_column type=&#8221;4_4&#8243; _builder_version=&#8221;4.16&#8243; global_colors_info=&#8221;{}&#8221;][et_pb_text _builder_version=&#8221;4.16&#8243; text_font_size=&#8221;16px&#8221; text_line_height=&#8221;1.8em&#8221; header_font=&#8221;Inria Serif|700|||||||&#8221; header_text_color=&#8221;#000000&#8243; header_font_size=&#8221;70px&#8221; header_line_height=&#8221;1.2em&#8221; z_index=&#8221;1&#8243; max_width=&#8221;800px&#8221; custom_margin=&#8221;||||false|false&#8221; text_font_size_tablet=&#8221;&#8221; text_font_size_phone=&#8221;14px&#8221; text_font_size_last_edited=&#8221;on|phone&#8221; header_font_size_tablet=&#8221;48px&#8221; header_font_size_phone=&#8221;24px&#8221; header_font_size_last_edited=&#8221;on|phone&#8221; locked=&#8221;off&#8221; global_colors_info=&#8221;{}&#8221;]<\/p>\n<h1>Lekcje gry na pianinie\/skrzypcach\/saksofonie<\/h1>\n<p>[\/et_pb_text][\/et_pb_column][\/et_pb_row][et_pb_row column_structure=&#8221;1_2,1_2&#8243; custom_padding_last_edited=&#8221;on|desktop&#8221; _builder_version=&#8221;4.16&#8243; background_color=&#8221;#ffffff&#8221; custom_padding=&#8221;|60px|50px|60px|false|true&#8221; custom_padding_tablet=&#8221;||||false|true&#8221; custom_padding_phone=&#8221;|30px||30px|false|true&#8221; global_colors_info=&#8221;{}&#8221;][et_pb_column type=&#8221;1_2&#8243; _builder_version=&#8221;4.16&#8243; global_colors_info=&#8221;{}&#8221;][et_pb_text _builder_version=&#8221;4.21.0&#8243; text_font=&#8221;Inria Serif||||||||&#8221; text_font_size=&#8221;16px&#8221; text_line_height=&#8221;1.8em&#8221; header_font=&#8221;Inria Serif|700|||||||&#8221; header_text_color=&#8221;#000000&#8243; header_font_size=&#8221;70px&#8221; header_line_height=&#8221;1.2em&#8221; max_width=&#8221;800px&#8221; custom_margin=&#8221;||||false|false&#8221; text_font_size_tablet=&#8221;&#8221; text_font_size_phone=&#8221;14px&#8221; text_font_size_last_edited=&#8221;on|phone&#8221; header_font_size_tablet=&#8221;48px&#8221; header_font_size_phone=&#8221;24px&#8221; header_font_size_last_edited=&#8221;on|phone&#8221; locked=&#8221;off&#8221; global_colors_info=&#8221;{}&#8221;]<\/p>\n<p><span style=\"color: #000000;\"><strong>Indywidualne lekcje gry na pianinie lub saksofonie to propozycja dla dzieci, m\u0142odzie\u017cy i doros\u0142ych na ka\u017cdym poziomie zaawansowania.<\/strong><\/span><\/p>\n<p><span style=\"color: #000000;\"> Masz ochot\u0119 nauczy\u0107 si\u0119 podstaw gry na wybranym instrumencie? A mo\u017ce ju\u017c co nieco potrafisz i chcesz si\u0119 dodatkowo rozwin\u0105\u0107? A mo\u017ce Twoim marzeniem jest nauka improwizacji i harmonii? Jeste\u015bmy tu od tego, aby spe\u0142ni\u0107 Twoje marzenie!\u00a0<\/span><\/p>\n<p>[\/et_pb_text][et_pb_button button_url=&#8221;https:\/\/l.facebook.com\/l.php?u=https%3A%2F%2Fforms.gle%2FnbDaTbGyqroPoLPj6%3Ffbclid%3DIwZXh0bgNhZW0CMTAAYnJpZBEwMEFjUWdLbXJzdUNTeVU4MwEelW8jVACIVqTeDoBEXynPsyUnzDTvJ_cdCrHzgcLrFSj6GuyK6xq5xYVTyYo_aem_zGtvPwh3fY2A3hiIINXrtw&#038;h=AT0BtI6WA96miRC6lqQDCvyJvq7mK9OMSgu6usN_bN7qXurwdkwayoD3E3mJtvDmJzoa34ZpuhS9R0m8LsK0nE_XS9yQMt_51Ccd3i5pgbrIg2T-gbkvxPJpsdwLPB1IRl843RYAbW6RSuIIBzGXufKY-8bXTPCIX3g&#038;__tn__=-UK-R&#038;c%910%93=AT1r-slR2CKGCQrKqYG3b4gg1Mh8ip6F1n5nboL5L5btjkJgPONoTLi8peiKNbZMW7Ly4UQ7fSGxS2YeOxK0DPq6jOdVEZGK5vTz-Ir5-IseGo_lNSqHl3-jvjuWmZklhjZKTsOzyA4_UgogVlqlHD7nzjBHn36uroy_MQMpdWW7_sfKYl3YsVgQ8SIlvyw&#8221; button_text=&#8221;Zapisz si\u0119!&#8221; _builder_version=&#8221;4.21.0&#8243; _module_preset=&#8221;8184cb9b-42f7-4818-81ef-c140a1978c04&#8243; custom_button=&#8221;on&#8221; button_text_size=&#8221;14px&#8221; button_text_color=&#8221;#000000&#8243; button_bg_color=&#8221;#EDF000&#8243; button_border_width=&#8221;0px&#8221; button_border_radius=&#8221;100px&#8221; button_font=&#8221;Lato|900|||||||&#8221; button_icon=&#8221;&#x45;||divi||400&#8243; custom_padding=&#8221;14px|24px|14px|24px|true|true&#8221; custom_padding_tablet=&#8221;&#8221; custom_padding_phone=&#8221;|30px||30px|true|true&#8221; custom_padding_last_edited=&#8221;on|phone&#8221; button_text_size_tablet=&#8221;16px&#8221; button_text_size_phone=&#8221;14px&#8221; button_text_size_last_edited=&#8221;on|desktop&#8221; global_colors_info=&#8221;{}&#8221;][\/et_pb_button][et_pb_toggle title=&#8221;Cennik zaj\u0119\u0107&#8221; open_toggle_text_color=&#8221;#000000&#8243; open_toggle_background_color=&#8221;#F8D3F7&#8243; closed_toggle_background_color=&#8221;#DFBDFF&#8221; icon_color=&#8221;#000000&#8243; toggle_icon=&#8221;&#x49;||divi||400&#8243; open_icon_color=&#8221;#000000&#8243; _builder_version=&#8221;4.21.0&#8243; _module_preset=&#8221;default&#8221; title_text_color=&#8221;#000000&#8243; title_font=&#8221;Inria Serif|700|||||||&#8221; global_colors_info=&#8221;{}&#8221;]<\/p>\n<p><strong><span style=\"color: #000000;\">cennik zaj\u0119\u0107:\u00a0<\/span><\/strong><\/p>\n<p><strong><span style=\"color: #000000;\">110 z\u0142.\/45 min.\u00a0<\/span><\/strong><\/p>\n<p><strong><span style=\"color: #000000;\">90 z\u0142.\/30 min.<\/span><\/strong><\/p>\n<p>[\/et_pb_toggle][\/et_pb_column][et_pb_column type=&#8221;1_2&#8243; _builder_version=&#8221;4.16&#8243; global_colors_info=&#8221;{}&#8221;][et_pb_text _builder_version=&#8221;4.21.0&#8243; text_font=&#8221;Inria Serif||||||||&#8221; text_font_size=&#8221;16px&#8221; text_line_height=&#8221;1.8em&#8221; header_font=&#8221;Inria Serif|700|||||||&#8221; header_text_color=&#8221;#000000&#8243; header_font_size=&#8221;70px&#8221; header_line_height=&#8221;1.2em&#8221; max_width=&#8221;800px&#8221; custom_margin=&#8221;||||false|false&#8221; text_font_size_tablet=&#8221;&#8221; text_font_size_phone=&#8221;14px&#8221; text_font_size_last_edited=&#8221;on|phone&#8221; header_font_size_tablet=&#8221;48px&#8221; header_font_size_phone=&#8221;24px&#8221; header_font_size_last_edited=&#8221;on|phone&#8221; locked=&#8221;off&#8221; global_colors_info=&#8221;{}&#8221;]<\/p>\n<p><strong><span style=\"color: #000000;\">Instruktor: <\/span><\/strong><\/p>\n<p><strong><span style=\"color: #000000;\">Tomasz Struzik (pianino, saksofon, klarnet) <\/span><\/strong><\/p>\n<p><strong><span style=\"color: #000000;\">Piotr <span style=\"caret-color: #000000;\">Litwiniak (pianino, skrzypce)<\/span><\/span><\/strong><br \/><strong><span style=\"color: #000000;\"><\/span><\/strong><\/p>\n<p><strong><span style=\"color: #000000;\"><\/span><\/strong><\/p>\n<p>[\/et_pb_text][et_pb_image src=&#8221;http:\/\/cascena.pl\/wp-content\/uploads\/2025\/08\/Projekt-bez-nazwy-33.png&#8221; title_text=&#8221;Projekt bez nazwy-33&#8243; _builder_version=&#8221;4.21.0&#8243; _module_preset=&#8221;default&#8221; global_colors_info=&#8221;{}&#8221;][\/et_pb_image][\/et_pb_column][\/et_pb_row][\/et_pb_section][et_pb_section fb_built=&#8221;1&#8243; admin_label=&#8221;Registration&#8221; _builder_version=&#8221;4.16&#8243; background_color=&#8221;#f6f0ee&#8221; custom_padding=&#8221;0px||0px||true|false&#8221; global_colors_info=&#8221;{}&#8221;][\/et_pb_section]<\/p>\n","protected":false},"excerpt":{"rendered":"<p>Lekcje gry na pianinie\/skrzypcach\/saksofonieIndywidualne lekcje gry na pianinie lub saksofonie to propozycja dla dzieci, m\u0142odzie\u017cy i doros\u0142ych na ka\u017cdym poziomie zaawansowania. Masz ochot\u0119 nauczy\u0107 si\u0119 podstaw gry na wybranym instrumencie? A mo\u017ce ju\u017c co nieco potrafisz i chcesz si\u0119 dodatkowo rozwin\u0105\u0107? A mo\u017ce Twoim marzeniem jest nauka improwizacji i harmonii? Jeste\u015bmy tu od tego, aby [&hellip;]<\/p>\n","protected":false},"author":1,"featured_media":0,"parent":0,"menu_order":0,"comment_status":"closed","ping_status":"closed","template":"","meta":{"_et_pb_use_builder":"on","_et_pb_old_content":"","_et_gb_content_width":"","footnotes":""},"class_list":["post-262","page","type-page","status-publish","hentry"],"_links":{"self":[{"href":"http:\/\/cascena.pl\/index.php?rest_route=\/wp\/v2\/pages\/262","targetHints":{"allow":["GET"]}}],"collection":[{"href":"http:\/\/cascena.pl\/index.php?rest_route=\/wp\/v2\/pages"}],"about":[{"href":"http:\/\/cascena.pl\/index.php?rest_route=\/wp\/v2\/types\/page"}],"author":[{"embeddable":true,"href":"http:\/\/cascena.pl\/index.php?rest_route=\/wp\/v2\/users\/1"}],"replies":[{"embeddable":true,"href":"http:\/\/cascena.pl\/index.php?rest_route=%2Fwp%2Fv2%2Fcomments&post=262"}],"version-history":[{"count":6,"href":"http:\/\/cascena.pl\/index.php?rest_route=\/wp\/v2\/pages\/262\/revisions"}],"predecessor-version":[{"id":429,"href":"http:\/\/cascena.pl\/index.php?rest_route=\/wp\/v2\/pages\/262\/revisions\/429"}],"wp:attachment":[{"href":"http:\/\/cascena.pl\/index.php?rest_route=%2Fwp%2Fv2%2Fmedia&parent=262"}],"curies":[{"name":"wp","href":"https:\/\/api.w.org\/{rel}","templated":true}]}}